{"id":8,"date":"2026-01-23T13:52:32","date_gmt":"2026-01-23T13:52:32","guid":{"rendered":"http:\/\/trgovina-sandi.si\/?page_id=8"},"modified":"2026-01-28T19:29:01","modified_gmt":"2026-01-28T19:29:01","slug":"8-2","status":"publish","type":"page","link":"https:\/\/trgovina-sandi.si\/","title":{"rendered":"SANDI &#8211; Trgovina za vsakogar"},"content":{"rendered":"\n<div class=\"wp-block-cover alignfull\" style=\"margin-top:0;padding-top:48px;padding-right:48px;padding-bottom:48px;padding-left:48px;min-height:66vh;aspect-ratio:unset;\"><video class=\"wp-block-cover__video-background intrinsic-ignore\" autoplay muted loop playsinline src=\"https:\/\/trgovina-sandi.si\/wp-content\/uploads\/2026\/01\/SANDI-intro.mp4\" data-object-fit=\"cover\"><\/video><span aria-hidden=\"true\" class=\"wp-block-cover__background has-background-dim-80 has-background-dim wp-block-cover__gradient-background has-background-gradient\" style=\"background:linear-gradient(123deg,rgb(73,17,17) 44%,rgb(0,0,0) 100%)\"><\/span><div class=\"wp-block-cover__inner-container has-global-padding is-layout-constrained wp-container-core-cover-is-layout-47c97a4a wp-block-cover-is-layout-constrained\">\n<div class=\"wp-block-group is-content-justification-center is-nowrap is-layout-flex wp-container-core-group-is-layout-23441af8 wp-block-group-is-layout-flex\">\n<figure class=\"wp-block-image aligncenter size-full is-resized is-style-default\"><img loading=\"lazy\" decoding=\"async\" width=\"700\" height=\"700\" src=\"https:\/\/trgovina-sandi.si\/wp-content\/uploads\/2026\/01\/Sandi-logo-new.png\" alt=\"\" class=\"wp-image-238\" style=\"width:196px;height:auto\" srcset=\"https:\/\/trgovina-sandi.si\/wp-content\/uploads\/2026\/01\/Sandi-logo-new.png 700w, https:\/\/trgovina-sandi.si\/wp-content\/uploads\/2026\/01\/Sandi-logo-new-300x300.png 300w, https:\/\/trgovina-sandi.si\/wp-content\/uploads\/2026\/01\/Sandi-logo-new-150x150.png 150w\" sizes=\"auto, (max-width: 700px) 100vw, 700px\" \/><\/figure>\n<\/div>\n\n\n\n<div class=\"wp-block-columns alignwide are-vertically-aligned-center is-layout-flex wp-container-core-columns-is-layout-28f84493 wp-block-columns-is-layout-flex\">\n<div class=\"wp-block-column is-vertically-aligned-center is-layout-flow wp-block-column-is-layout-flow\" style=\"flex-basis:100%\">\n<div class=\"wp-block-group has-base-color has-text-color has-background has-link-color has-x-large-font-size wp-elements-5bf9ef81af3d1e11b45237236e7da4a1 is-horizontal is-content-justification-center is-nowrap is-layout-flex wp-container-core-group-is-layout-990a82d5 wp-block-group-is-layout-flex\" style=\"border-top-left-radius:52px;border-top-right-radius:52px;border-bottom-left-radius:52px;border-bottom-right-radius:52px;background-color:#d21743;margin-top:0;margin-bottom:0;padding-top:var(--wp--preset--spacing--30);padding-right:0;padding-bottom:var(--wp--preset--spacing--30);padding-left:0\">\n<p class=\"has-text-align-center is-style-default has-manrope-font-family has-xx-large-font-size\" style=\"padding-right:0;padding-left:0;font-style:normal;font-weight:400;line-height:1.2\">SMO MAJHNI,<strong>A IMAMO VSE KAR IMAJO VELIKI<\/strong><\/p>\n<\/div>\n<\/div>\n<\/div>\n\n\n\n<div class=\"wp-block-group alignwide is-style-default is-layout-flow wp-block-group-is-layout-flow\">\n<p class=\"has-text-align-center\">Za vas odprti VSAK DAN v Ljubljani in na Jesenicah<\/p>\n\n\n\n<h3 class=\"wp-block-heading has-text-align-center is-style-default has-base-color has-text-color has-link-color has-x-large-font-size wp-elements-25994dde21d28f0b1890e5ef52acf406\" style=\"font-style:normal;font-weight:100\">Najbolj prijazna in dostopna trgovina v soseki<\/h3>\n\n\n\n\n\n<div class=\"wp-block-group is-content-justification-center is-nowrap is-layout-flex wp-container-core-group-is-layout-23441af8 wp-block-group-is-layout-flex\">\n\n<\/div>\n\n\n\n\n\n<figure class=\"wp-block-image aligncenter size-large is-resized\"><a href=\"https:\/\/wolt.com\/sl\/svn\/ljubljana\/venue\/trgovina-sandi\"><img loading=\"lazy\" decoding=\"async\" width=\"1024\" height=\"683\" src=\"http:\/\/trgovina-sandi.si\/wp-content\/uploads\/2026\/01\/Wolt-Logo-1024x683.jpeg\" alt=\"\" class=\"wp-image-21\" style=\"aspect-ratio:1.4992445383313449;width:115px;height:auto\" srcset=\"https:\/\/trgovina-sandi.si\/wp-content\/uploads\/2026\/01\/Wolt-Logo-1024x683.jpeg 1024w, https:\/\/trgovina-sandi.si\/wp-content\/uploads\/2026\/01\/Wolt-Logo-300x200.jpeg 300w, https:\/\/trgovina-sandi.si\/wp-content\/uploads\/2026\/01\/Wolt-Logo-768x512.jpeg 768w, https:\/\/trgovina-sandi.si\/wp-content\/uploads\/2026\/01\/Wolt-Logo.jpeg 1500w\" sizes=\"auto, (max-width: 1024px) 100vw, 1024px\" \/><\/a><\/figure>\n<\/div>\n<\/div><\/div>\n\n\n\n<div class=\"wp-block-group alignwide is-layout-flow wp-block-group-is-layout-flow\" style=\"min-height:80vh\">\n\n\n\n\n\n\n\n\n\n<\/div>\n\n\n\n\n\n<h2>ODPRTO VSAK DAN<\/h2>\n\n\n\n\n\n\n<a href=\"https:\/\/trgovina-sandi.si\/?page_id=130\" data-type=\"page\" data-id=\"130\">LJUBLJANA<\/a>\n\n\n\n<h3><a href=\"https:\/\/maps.app.goo.gl\/Rk8ZV45BzUEedMVH9\">\u0160tihova ulica 15, 1000 Ljubljana<\/a><\/h3>\n\n\n\n<p class=\"has-text-align-center has-contrast-color has-text-color has-link-color wp-elements-928af52d38f12cbaf1dc10ce2af1c3a4\">PON. &#8211; PET. 6:00 &#8211; 21:00<br><br>SOB., NED. in PRAZNIKI 7:00 &#8211; 19:00<\/p>\n\n\n\n\n\n\n\n<a href=\"https:\/\/trgovina-sandi.si\/?page_id=128\" data-type=\"page\" data-id=\"128\">JESENICE<\/a>\n\n\n\n<h3><a href=\"https:\/\/maps.app.goo.gl\/jn1W57o8VzuFZoo16\">Cesta mar\u0161ala Tita 16, 4270 Jesenice<\/a><\/h3>\n\n\n\n<p class=\"has-text-align-center has-contrast-color has-text-color has-link-color wp-elements-14c470035f939e14439382653d97e738\">PON. &#8211; PET.  7:00 &#8211; 21:00<br><br>SOB., NED.  in PRAZNIKI 7:00 &#8211; 19:00<\/p>\n\n\n\n\n\n\n<h2><br>PREDANI SKUPNOSTI OD 1991<br><\/h2>\n\n\n\nTrgovina Sandi je svojo prvo trgovino v \u017dupan\u010di\u010devi Jami odprla \u017ee leta 1991. Je manj\u0161a lokalna trgovina , ki ne glede na svojo velikost ponuja \u0161irok nabor \u017eivilskih izdelkov in tudi nekaj ostalih osnovnih potreb\u0161\u010din za dom. V trgovini se trudimo za dobro vzdu\u0161je in zadovoljstvo na\u0161ih strank, poskrbimo tudi za tiste , ki \u017eivijo na drugem koncu mesta in ne morejo priti do na\u0161e trgovina. Preko podjetja Wolt vam izbrane izdelke dostavimo direktno v va\u0161 dom. Odprti smo prav vse dni v letu. Veseli bomo va\u0161ega obiska , veseli pa bomo tudi kakega va\u0161ega predloga, pohval ali pripomb na na\u0161 email naslov:<br><a href=\"mailto:info@trgovina-sandi.si\">info@trgovina-sandi.si<\/a><br>\n\n\n\n\n\n<h2>DRUGI O NAS<\/h2>\n\n\n\n\n\n\n<em>To je najbolj pristen market kar jih \u0161e obstaja.<br>Izjemna ponudba, mislim, da vse kar si \u010dlovek za\u017eeli v Sandiju dobi. &#x1f60a; Gospe prodajalke so izjemne, prijazne in to je tisto kar danes pomeni.<br>Ne samo, da se pozdravi\u0161, ampak lahko \u0161e kak\u0161no na hitro re\u010de\u0161. &#x1f64f; Velika pohvala pa tudi \u010dokoladnim je\u017ekom ter odpiralnemu \u010dasu. &#x1f90d;<br>Hvala Sandi, ker obstaja\u0161..<\/em>\n\n\n\n<em>Odli\u010dna izbira, biser Zupan\u010di\u010deve jame. Ponujajo stvari, ki jih niti ve\u010dji supermarketi ne, prodajalke pa vedno prijazne.<\/em>\n\n\n\n<em>Res prijetna trgovina. Enkrat do dvakrat na teden jo obi\u0161\u010dem preden grem na Kavo v Karako. Vedno za \u010dokoladne je\u017eke, \u017ee 15 let.<\/em>\n\n\n\n\n\n\n<div class=\"wp-block-group alignfull has-global-padding is-layout-constrained wp-block-group-is-layout-constrained\" style=\"margin-top:0;margin-bottom:0\"><\/div>\n","protected":false},"excerpt":{"rendered":"","protected":false},"author":1,"featured_media":10,"parent":0,"menu_order":0,"comment_status":"closed","ping_status":"closed","template":"page-no-title","meta":{"pagelayer_contact_templates":[],"_pagelayer_content":"","footnotes":""},"class_list":["post-8","page","type-page","status-publish","has-post-thumbnail","hentry"],"_links":{"self":[{"href":"https:\/\/trgovina-sandi.si\/index.php?rest_route=\/wp\/v2\/pages\/8","targetHints":{"allow":["GET"]}}],"collection":[{"href":"https:\/\/trgovina-sandi.si\/index.php?rest_route=\/wp\/v2\/pages"}],"about":[{"href":"https:\/\/trgovina-sandi.si\/index.php?rest_route=\/wp\/v2\/types\/page"}],"author":[{"embeddable":true,"href":"https:\/\/trgovina-sandi.si\/index.php?rest_route=\/wp\/v2\/users\/1"}],"replies":[{"embeddable":true,"href":"https:\/\/trgovina-sandi.si\/index.php?rest_route=%2Fwp%2Fv2%2Fcomments&post=8"}],"version-history":[{"count":141,"href":"https:\/\/trgovina-sandi.si\/index.php?rest_route=\/wp\/v2\/pages\/8\/revisions"}],"predecessor-version":[{"id":355,"href":"https:\/\/trgovina-sandi.si\/index.php?rest_route=\/wp\/v2\/pages\/8\/revisions\/355"}],"wp:featuredmedia":[{"embeddable":true,"href":"https:\/\/trgovina-sandi.si\/index.php?rest_route=\/wp\/v2\/media\/10"}],"wp:attachment":[{"href":"https:\/\/trgovina-sandi.si\/index.php?rest_route=%2Fwp%2Fv2%2Fmedia&parent=8"}],"curies":[{"name":"wp","href":"https:\/\/api.w.org\/{rel}","templated":true}]}}